{"id":932,"date":"2019-10-22T11:17:30","date_gmt":"2019-10-22T14:17:30","guid":{"rendered":"https:\/\/ensalberdi-cba.infd.edu.ar\/sitio\/?page_id=932"},"modified":"2024-12-27T18:24:11","modified_gmt":"2024-12-27T21:24:11","slug":"informacion-para-estudiantes","status":"publish","type":"page","link":"https:\/\/ensalberdi-cba.infd.edu.ar\/sitio\/estudiantes\/informacion-para-estudiantes\/","title":{"rendered":"Informaci\u00f3n para Estudiantes"},"content":{"rendered":"<h1 style=\"text-align: center;\"><span style=\"color: #ff6600;\"><strong>Inscripciones para Carreras del Nivel Superior<\/strong><\/span><\/h1>\n<h2 style=\"text-align: center;\"><span style=\"color: #ff6600;\">A\u00f1o 2025<\/span><\/h2>\n<h2 style=\"text-align: center;\"><\/h2>\n<p>Se encuentra habilitado, desde el<strong> 16 hasta el 27 de diciembre del 2024,<\/strong>\u00a0 y una <strong><span style=\"color: #ff6600;\">pr\u00f3rroga del 10 al 20 de Febrero del 2025<\/span><\/strong> a trav\u00e9s del Sistema SIU Guaran\u00ed, el primer paso de pre-matriculaci\u00f3n de aspirantes, a las siguientes carreras de Nuestra Instituci\u00f3n:<\/p>\n<ol>\n<li><strong>Profesorado de Educaci\u00f3n Primaria<\/strong><\/li>\n<li><span style=\"color: #000000;\"><strong>Profesorado de Educaci\u00f3n F\u00edsica\u00a0<\/strong><\/span><\/li>\n<li><strong>Profesorado de Educaci\u00f3n Inicial\u00a0<\/strong><\/li>\n<li><strong>Profesorado de Educaci\u00f3n Secundaria en Geograf\u00eda<\/strong><\/li>\n<li><strong>Profesorado de Educaci\u00f3n Secundaria en Lengua y Literatura<\/strong><\/li>\n<li><strong>Profesorado Universitario de Biolog\u00eda<\/strong><\/li>\n<li><strong>Profesorado Universitario de Qu\u00edmica<\/strong><\/li>\n<\/ol>\n<h2><\/h2>\n<p>Para inscribirse deben Ingresar al siguiente link en la p\u00e1gina de la <a href=\"https:\/\/ingreso.upc.edu.ar\/\">UNIVERSIDAD PROVINCIAL DE C\u00d3RDOBA<\/a>:<\/p>\n<p>Luego de realizar la Pre inscripci\u00f3n deben presentar la siguiente documentaci\u00f3n en formato papel en la escuela:<\/p>\n<ul>\n<li>Partida de Nacimiento<\/li>\n<li>Ficha M\u00e9dica<\/li>\n<li>Ficha de Inscripci\u00f3n<\/li>\n<li>T\u00edtulo del Nivel Secundario \/o una constancia de finalizaci\u00f3n del Nivel Secundario<\/li>\n<li>Constancia de CUIL (Emitido por ANSES)<\/li>\n<\/ul>\n<p>Pueden descargar aqu\u00ed:<\/p>\n<ul>\n<li><a href=\"https:\/\/ensalberdi-cba.infd.edu.ar\/sitio\/wp-content\/uploads\/2023\/11\/Ficha-de-Inscripcion-Ingreso-Matricula-Ano-1-2.pdf\">Ficha de Inscripci\u00f3n Ingreso &#8211; Matr\u00edcula A\u00f1o<\/a><\/li>\n<li>Ficha M\u00e9dica para todas las carreras (Excepto para el Profesorado de Educaci\u00f3n F\u00edsica) <a href=\"https:\/\/ensalberdi-cba.infd.edu.ar\/sitio\/wp-content\/uploads\/2024\/12\/FichaMedica-SIMPLE.pdf\">Descargue aqu\u00ed<\/a><\/li>\n<\/ul>\n<p><strong>OBSERVACIONES<\/strong>: Los <strong>ingresantes a Primer a\u00f1o del Profesorado de Educaci\u00f3n F\u00edsica<\/strong>, adem\u00e1s de los requisitos anteriormente citados, deber\u00e1n completar la siguiente ficha:<\/p>\n<ul>\n<li>Ficha m\u00e9dica exclusiva para el Profesorado de Educaci\u00f3n F\u00edsica. <a href=\"https:\/\/ensalberdi-cba.infd.edu.ar\/sitio\/wp-content\/uploads\/2024\/12\/FichaMedica-COMPLETA.pdf\">Descargue aqu\u00ed<\/a><\/li>\n<\/ul>\n<h2><\/h2>\n<h2 style=\"text-align: center;\"><span style=\"color: #ff6600;\"><strong>Informaci\u00f3n para estudiantes de\u00a02do a 4to A\u00f1o <\/strong><\/span><\/h2>\n<h2 style=\"text-align: center;\"><span style=\"color: #ff6600;\"><strong>de todas las carreras del Nivel Superior<\/strong><\/span><\/h2>\n<ul>\n<li>Ficha de inscripci\u00f3n Estudiantes de 2do\u00a0 a 4to a\u00f1o: <a href=\"https:\/\/ensalberdi-cba.infd.edu.ar\/sitio\/wp-content\/uploads\/2024\/02\/SOLICITUD-DE-MATRICULA-CICLO-LECTIVO-202-1.pdf\">Descargue aqu\u00ed<\/a><\/li>\n<li>Nota modelo para solicitar mesa de Examen Extraordinario: <a href=\"https:\/\/ensalberdi-cba.infd.edu.ar\/sitio\/wp-content\/uploads\/2019\/08\/Nota-modelo-para-pedir-examen-extraordinario.doc\">Descargue aqu\u00ed<\/a><\/li>\n<li>Hoja de ruta:\u00a0<a href=\"https:\/\/ensalberdi-cba.infd.edu.ar\/sitio\/wp-content\/uploads\/2019\/08\/HOJA_DE_RUTA.pdf\">Descargue aqu\u00ed<\/a><\/li>\n<li>Formulario para solicitar la Confecci\u00f3n del t\u00edtulo Anal\u00edtico:\u00a0<a href=\"https:\/\/ensalberdi-cba.infd.edu.ar\/sitio\/wp-content\/uploads\/2019\/08\/Formulario-Solicitud-de-Analitico.docx\">Descargue aqu\u00ed<\/a><\/li>\n<li>Ficha M\u00e9dica para todas las Carreras (Excepto para el Profesorado de Educaci\u00f3n F\u00edsica) <a href=\"https:\/\/ensalberdi-cba.infd.edu.ar\/sitio\/wp-content\/uploads\/2024\/12\/FichaMedica-SIMPLE.pdf\">Descargue Aqu\u00ed<\/a><\/li>\n<li>FICHA M\u00c9DICA EXCLUSIVA PARA ESTUDIANTES DEL PROFESORADO DE EDUCACI\u00d3N F\u00cdSICA <a href=\"https:\/\/ensalberdi-cba.infd.edu.ar\/sitio\/wp-content\/uploads\/2024\/12\/FichaMedica-COMPLETA.pdf\">Descargue Aqu\u00ed<\/a><\/li>\n<\/ul>\n","protected":false},"excerpt":{"rendered":"<p>Inscripciones para Carreras del Nivel Superior A\u00f1o 2025 Se encuentra habilitado, desde el 16 hasta el 27 de diciembre del 2024,\u00a0 y una pr\u00f3rroga del 10 al 20 de Febrero del 2025 a trav\u00e9s del Sistema SIU Guaran\u00ed, el primer paso de pre-matriculaci\u00f3n de aspirantes, a las siguientes carreras de Nuestra Instituci\u00f3n: Profesorado de Educaci\u00f3n &#8230; <a title=\"Informaci\u00f3n para Estudiantes\" class=\"read-more\" href=\"https:\/\/ensalberdi-cba.infd.edu.ar\/sitio\/estudiantes\/informacion-para-estudiantes\/\" aria-label=\"More on Informaci\u00f3n para Estudiantes\">[+]<\/a><\/p>\n","protected":false},"author":609,"featured_media":0,"parent":928,"menu_order":0,"comment_status":"closed","ping_status":"closed","template":"","meta":[],"acf":[],"_links":{"self":[{"href":"https:\/\/ensalberdi-cba.infd.edu.ar\/sitio\/wp-json\/wp\/v2\/pages\/932"}],"collection":[{"href":"https:\/\/ensalberdi-cba.infd.edu.ar\/sitio\/wp-json\/wp\/v2\/pages"}],"about":[{"href":"https:\/\/ensalberdi-cba.infd.edu.ar\/sitio\/wp-json\/wp\/v2\/types\/page"}],"author":[{"embeddable":true,"href":"https:\/\/ensalberdi-cba.infd.edu.ar\/sitio\/wp-json\/wp\/v2\/users\/609"}],"replies":[{"embeddable":true,"href":"https:\/\/ensalberdi-cba.infd.edu.ar\/sitio\/wp-json\/wp\/v2\/comments?post=932"}],"version-history":[{"count":58,"href":"https:\/\/ensalberdi-cba.infd.edu.ar\/sitio\/wp-json\/wp\/v2\/pages\/932\/revisions"}],"predecessor-version":[{"id":1433,"href":"https:\/\/ensalberdi-cba.infd.edu.ar\/sitio\/wp-json\/wp\/v2\/pages\/932\/revisions\/1433"}],"up":[{"embeddable":true,"href":"https:\/\/ensalberdi-cba.infd.edu.ar\/sitio\/wp-json\/wp\/v2\/pages\/928"}],"wp:attachment":[{"href":"https:\/\/ensalberdi-cba.infd.edu.ar\/sitio\/wp-json\/wp\/v2\/media?parent=932"}],"curies":[{"name":"wp","href":"https:\/\/api.w.org\/{rel}","templated":true}]}}