{"id":836,"date":"2019-06-03T12:08:28","date_gmt":"2019-06-03T15:08:28","guid":{"rendered":"https:\/\/ensalberdi-cba.infd.edu.ar\/sitio\/plan-de-estudios-6\/"},"modified":"2022-11-09T19:16:40","modified_gmt":"2022-11-09T22:16:40","slug":"plan-de-estudios-6","status":"publish","type":"page","link":"https:\/\/ensalberdi-cba.infd.edu.ar\/sitio\/plan-de-estudios-6\/","title":{"rendered":"Plan de Estudios del Profesorado de Educ. Inicial"},"content":{"rendered":"<table width=\"0\">\n<tbody>\n<tr>\n<td width=\"66\">\u00a0C\u00f3digo<\/td>\n<td width=\"293\"><strong>Primer A\u00f1o<\/strong><\/td>\n<td width=\"208\"><strong>Docente a cargo<\/strong><\/td>\n<td width=\"105\"><strong>Hs. Sem.<\/strong><\/td>\n<\/tr>\n<tr>\n<td width=\"66\">A76035<\/td>\n<td width=\"293\">Pedagog\u00eda<\/td>\n<td width=\"208\">Lic. Susana Lopez<\/td>\n<td width=\"105\">5<\/td>\n<\/tr>\n<tr>\n<td width=\"66\">A76036<\/td>\n<td width=\"293\">Problem\u00e1ticas Socioantropol\u00f3gicas en Educ.<\/td>\n<td width=\"208\">Prof. Gast\u00f3n Arias<\/td>\n<td width=\"105\">4<\/td>\n<\/tr>\n<tr>\n<td width=\"66\">A76037<\/td>\n<td width=\"293\">Psicolog\u00eda y Educaci\u00f3n<\/td>\n<td width=\"208\">Prof. Emilia Sanchez<\/td>\n<td width=\"105\">4<\/td>\n<\/tr>\n<tr>\n<td width=\"66\">A76038<\/td>\n<td width=\"293\">Argentina en el Mundo Contempor\u00e1neo<\/td>\n<td width=\"208\">Prof. Stella Maris Montoya<\/td>\n<td width=\"105\">3<\/td>\n<\/tr>\n<tr>\n<td width=\"66\">A76039<\/td>\n<td width=\"293\">Lenguaje Digital y Audiovisual<\/td>\n<td width=\"208\">Prof. Jorge Pacheco<\/td>\n<td width=\"105\">2<\/td>\n<\/tr>\n<tr>\n<td width=\"66\">A76040<\/td>\n<td width=\"293\">Lenguaje Corporal<\/td>\n<td width=\"208\">Prof. Gabriela Bionda<\/td>\n<td width=\"105\">2<\/td>\n<\/tr>\n<tr>\n<td width=\"66\">A76041<\/td>\n<td width=\"293\">Pr\u00e1ctica Docente I<\/td>\n<td width=\"208\">Prof. Maisa Villarreal<\/td>\n<td width=\"105\">4<\/td>\n<\/tr>\n<tr>\n<td width=\"66\">A76042<\/td>\n<td width=\"293\">Educaci\u00f3n Inicial: Jard\u00edn Maternal<\/td>\n<td width=\"208\">Prof. Mabel Gonzalez<\/td>\n<td width=\"105\">3<\/td>\n<\/tr>\n<tr>\n<td width=\"66\">A76044<\/td>\n<td width=\"293\">Oralidad, Lectura y Escritura<\/td>\n<td width=\"208\">Prof. Germ\u00e1n Levis<\/td>\n<td width=\"105\">4<\/td>\n<\/tr>\n<tr>\n<td width=\"66\">A77255<\/td>\n<td width=\"293\">Educaci\u00f3n Art\u00edstica: M\u00fasica<\/td>\n<td width=\"208\">Prof. Ivana Cejas<\/td>\n<td width=\"105\">3<\/td>\n<\/tr>\n<tr>\n<td width=\"66\">A79575<\/td>\n<td width=\"293\">Alfabetizaci\u00f3n en Lengua Inglesa<\/td>\n<td width=\"208\">Prof. Nicol\u00e1s Amaya<\/td>\n<td width=\"105\">2<\/td>\n<\/tr>\n<tr>\n<td width=\"66\"><strong>C\u00f3digo<\/strong><\/td>\n<td width=\"293\"><strong>Segundo A\u00f1o<\/strong><\/td>\n<td width=\"208\"><strong>Docente a cargo<\/strong><\/td>\n<td width=\"105\"><strong>Hs. Sem.<\/strong><\/td>\n<\/tr>\n<tr>\n<td width=\"66\">A76820<\/td>\n<td width=\"293\">Filosof\u00eda y Educaci\u00f3n<\/td>\n<td width=\"208\">Prof. Marisel Oz\u00e1n<\/td>\n<td width=\"105\">3<\/td>\n<\/tr>\n<tr>\n<td width=\"66\">A76821<\/td>\n<td width=\"293\">Did\u00e1ctica General<\/td>\n<td width=\"208\">Prof. Susana L\u00f3pez<\/td>\n<td width=\"105\">4<\/td>\n<\/tr>\n<tr>\n<td width=\"66\">A76823<\/td>\n<td width=\"293\">Pr\u00e1ctica Docente II<\/td>\n<td width=\"208\">Prof. Maisa Villarreal<\/td>\n<td width=\"105\">6<\/td>\n<\/tr>\n<tr>\n<td width=\"66\">A76825<\/td>\n<td width=\"293\">Lengua: Lengua y su Did\u00e1ctica\/Alfabetizaci\u00f3n Inicial<\/td>\n<td width=\"208\">Prof. Germ\u00e1n Levis<\/td>\n<td width=\"105\">4<\/td>\n<\/tr>\n<tr>\n<td width=\"66\">A76826<\/td>\n<td width=\"293\">Ciencias Naturales y su Did\u00e1ctica<\/td>\n<td width=\"208\">Prof. Yamila Cabrera<\/td>\n<td width=\"105\">4<\/td>\n<\/tr>\n<tr>\n<td width=\"66\">A76827<\/td>\n<td width=\"293\">Sujetos de la educaci\u00f3n y convivencia escolar<\/td>\n<td width=\"208\">Prof. Eugenia Gutierrez<\/td>\n<td width=\"105\">4<\/td>\n<\/tr>\n<tr>\n<td width=\"66\">A76828<\/td>\n<td width=\"293\">Educaci\u00f3n Art\u00edstica: Pl\u00e1stica<\/td>\n<td width=\"208\">Prof. In\u00e9s Ciprian<\/td>\n<td width=\"105\">3<\/td>\n<\/tr>\n<tr>\n<td width=\"66\">A76829<\/td>\n<td width=\"293\">TIC y la Ense\u00f1anza en el Nivel Inicial<\/td>\n<td width=\"208\">Prof. Jorge Pacheco<\/td>\n<td width=\"105\">2<\/td>\n<\/tr>\n<tr>\n<td width=\"66\">A77933<\/td>\n<td width=\"293\">Dise\u00f1o y construcci\u00f3n de material did\u00e1ctico<\/td>\n<td width=\"208\">Prof. Jorge Pacheco<\/td>\n<td width=\"105\">2<\/td>\n<\/tr>\n<tr>\n<td width=\"66\"><strong>C\u00f3digo<\/strong><\/td>\n<td width=\"293\">\u00a0<strong>Tercer A\u00f1o<\/strong><\/td>\n<td width=\"208\"><strong>Docente a cargo<\/strong><\/td>\n<td width=\"105\"><strong>Hs. Sem.<\/strong><\/td>\n<\/tr>\n<tr>\n<td width=\"66\">A77248<\/td>\n<td width=\"293\">Historia y Pol\u00edtica de la Educaci\u00f3n Argentina<\/td>\n<td width=\"208\">Prof. Silvia Cuestas<\/td>\n<td width=\"105\">3<\/td>\n<\/tr>\n<tr>\n<td width=\"66\">A77249<\/td>\n<td width=\"293\">Pr\u00e1ctica Docente III<\/td>\n<td width=\"208\">Prof. Irma Moglia<\/td>\n<td width=\"105\">8<\/td>\n<\/tr>\n<tr>\n<td width=\"66\">A77250<\/td>\n<td width=\"293\">Matem\u00e1tica y su Did\u00e1ctica<\/td>\n<td width=\"208\">Prof. Guillermo Monjes Medina<\/td>\n<td width=\"105\">5<\/td>\n<\/tr>\n<tr>\n<td width=\"66\">A77251<\/td>\n<td width=\"293\">Literatura en el Nivel Inicial<\/td>\n<td width=\"208\">Prof. Germ\u00e1n Levis<\/td>\n<td width=\"105\">4<\/td>\n<\/tr>\n<tr>\n<td width=\"66\">A77252<\/td>\n<td width=\"293\">Ciencias Sociales y su Did\u00e1ctica<\/td>\n<td width=\"208\">Prof. Juan Manuel Rodr\u00edguez<\/td>\n<td width=\"105\">5<\/td>\n<\/tr>\n<tr>\n<td width=\"66\">A77253<\/td>\n<td width=\"293\">Ciencias Naturales: Educaci\u00f3n para la Salud\/Educaci\u00f3n Ambiental<\/td>\n<td width=\"208\">Prof. Yamila Cabrera<\/td>\n<td width=\"105\">4<\/td>\n<\/tr>\n<tr>\n<td width=\"66\">A77254<\/td>\n<td width=\"293\">Educaci\u00f3n F\u00edsica en JM y JI<\/td>\n<td width=\"208\">Prof. Marcela L\u00f3pez Camino<\/td>\n<td width=\"105\">4<\/td>\n<\/tr>\n<tr>\n<td width=\"66\">A77088<\/td>\n<td width=\"293\">Seminario I<\/td>\n<td width=\"208\">Prof. Lucas Villalva<\/td>\n<td width=\"105\">2<\/td>\n<\/tr>\n<tr>\n<td width=\"66\">\u00a0<strong>C\u00f3digo<\/strong><\/td>\n<td width=\"293\"><strong>Cuarto A\u00f1o<\/strong><\/td>\n<td width=\"208\">\u00a0<strong>Docente a cargo<\/strong><\/td>\n<td width=\"105\"><strong>Hs. C\u00e1t.\/Sem.<\/strong><\/td>\n<\/tr>\n<tr>\n<td width=\"66\">A77928<\/td>\n<td width=\"293\">\u00c9tica y construcci\u00f3n de ciudadan\u00eda<\/td>\n<td width=\"208\">Prof. Mart\u00edn Marquez<\/td>\n<td width=\"105\">3<\/td>\n<\/tr>\n<tr>\n<td width=\"66\">A77929<\/td>\n<td width=\"293\">Pr\u00e1ctica Docente IV y residencia<\/td>\n<td width=\"208\">Prof. Laura L\u00f3pez<\/td>\n<td width=\"105\">10<\/td>\n<\/tr>\n<tr>\n<td width=\"66\">A77930<\/td>\n<td width=\"293\">Problem\u00e1ticas y Desaf\u00edos en el Nivel Inicial<\/td>\n<td width=\"208\">Prof. Maisa Villarreal<\/td>\n<td width=\"105\">3<\/td>\n<\/tr>\n<tr>\n<td width=\"66\">A77931<\/td>\n<td width=\"293\">Educaci\u00f3n Art\u00edstica: Teatro<\/td>\n<td width=\"208\">Prof. Gabriela Bionda<\/td>\n<td width=\"105\">3<\/td>\n<\/tr>\n<tr>\n<td width=\"66\">A77932<\/td>\n<td width=\"293\">Educaci\u00f3n Sexual Integral<\/td>\n<td width=\"208\">Prof. Silvina Farf\u00e1n<\/td>\n<td width=\"105\">2<\/td>\n<\/tr>\n<tr>\n<td width=\"66\">A80452<\/td>\n<td width=\"293\">Pr\u00e1cticas Doc. IV y Residencia: Lengua y su did\u00e1ctica<\/td>\n<td width=\"208\">Prof. Blanca Quinteros<\/td>\n<td width=\"105\">2<\/td>\n<\/tr>\n<tr>\n<td width=\"66\">A80453<\/td>\n<td width=\"293\">Pr\u00e1cticas Doc. IV y residencia: Cs. Soc. y su Did\u00e1ctica<\/td>\n<td width=\"208\">Prof. Pablo Moyano<\/td>\n<td width=\"105\">2<\/td>\n<\/tr>\n<tr>\n<td width=\"66\">A80454<\/td>\n<td width=\"293\">Pr\u00e1cticas Doc. IV y residencia: Cs. Nat y su Did\u00e1ctica<\/td>\n<td width=\"208\">Prof. Yamila Cabrera<\/td>\n<td width=\"105\">2<\/td>\n<\/tr>\n<tr>\n<td width=\"66\">A80455<\/td>\n<td width=\"293\">Pr\u00e1cticas Docentes IV y residencia: Matem\u00e1tica y su Did\u00e1ctica<\/td>\n<td width=\"208\">Prof. Guillermo Monje Medina<\/td>\n<td width=\"105\">2<\/td>\n<\/tr>\n<tr>\n<td width=\"66\">A77088<\/td>\n<td width=\"293\">Seminario II<\/td>\n<td width=\"208\">Prof. Maisa Villarreal<\/td>\n<td width=\"105\">2<\/td>\n<\/tr>\n<\/tbody>\n<\/table>\n","protected":false},"excerpt":{"rendered":"<p>\u00a0C\u00f3digo Primer A\u00f1o Docente a cargo Hs. Sem. A76035 Pedagog\u00eda Lic. Susana Lopez 5 A76036 Problem\u00e1ticas Socioantropol\u00f3gicas en Educ. Prof. Gast\u00f3n Arias 4 A76037 Psicolog\u00eda y Educaci\u00f3n Prof. Emilia Sanchez 4 A76038 Argentina en el Mundo Contempor\u00e1neo Prof. Stella Maris Montoya 3 A76039 Lenguaje Digital y Audiovisual Prof. Jorge Pacheco 2 A76040 Lenguaje Corporal Prof. &#8230; <a title=\"Plan de Estudios del Profesorado de Educ. Inicial\" class=\"read-more\" href=\"https:\/\/ensalberdi-cba.infd.edu.ar\/sitio\/plan-de-estudios-6\/\" aria-label=\"More on Plan de Estudios del Profesorado de Educ. Inicial\">[+]<\/a><\/p>\n","protected":false},"author":183,"featured_media":0,"parent":0,"menu_order":0,"comment_status":"closed","ping_status":"closed","template":"","meta":[],"acf":[],"_links":{"self":[{"href":"https:\/\/ensalberdi-cba.infd.edu.ar\/sitio\/wp-json\/wp\/v2\/pages\/836"}],"collection":[{"href":"https:\/\/ensalberdi-cba.infd.edu.ar\/sitio\/wp-json\/wp\/v2\/pages"}],"about":[{"href":"https:\/\/ensalberdi-cba.infd.edu.ar\/sitio\/wp-json\/wp\/v2\/types\/page"}],"author":[{"embeddable":true,"href":"https:\/\/ensalberdi-cba.infd.edu.ar\/sitio\/wp-json\/wp\/v2\/users\/183"}],"replies":[{"embeddable":true,"href":"https:\/\/ensalberdi-cba.infd.edu.ar\/sitio\/wp-json\/wp\/v2\/comments?post=836"}],"version-history":[{"count":11,"href":"https:\/\/ensalberdi-cba.infd.edu.ar\/sitio\/wp-json\/wp\/v2\/pages\/836\/revisions"}],"predecessor-version":[{"id":1293,"href":"https:\/\/ensalberdi-cba.infd.edu.ar\/sitio\/wp-json\/wp\/v2\/pages\/836\/revisions\/1293"}],"wp:attachment":[{"href":"https:\/\/ensalberdi-cba.infd.edu.ar\/sitio\/wp-json\/wp\/v2\/media?parent=836"}],"curies":[{"name":"wp","href":"https:\/\/api.w.org\/{rel}","templated":true}]}}