{"id":810,"date":"2019-06-03T12:08:18","date_gmt":"2019-06-03T15:08:18","guid":{"rendered":"https:\/\/ensalberdi-cba.infd.edu.ar\/sitio\/plan-de-estudios-2\/"},"modified":"2023-08-07T21:46:17","modified_gmt":"2023-08-08T00:46:17","slug":"plan-de-estudios-2","status":"publish","type":"page","link":"https:\/\/ensalberdi-cba.infd.edu.ar\/sitio\/plan-de-estudios-2\/","title":{"rendered":"Plan de estudios del Profesorado de Educ. Sec. en Geograf\u00eda"},"content":{"rendered":"<p><span style=\"font-size: 14pt; font-family: tahoma, arial, helvetica, sans-serif;\"><span style=\"text-decoration: underline;\"><strong>C\u00f3digo de Plan de Estudios<\/strong><\/span>: 687198145<\/span><\/p>\n<table width=\"0\">\n<tbody>\n<tr>\n<td width=\"66\"><strong>\u00a0C\u00f3digo<\/strong><\/td>\n<td width=\"293\"><strong>Primer A\u00f1o<\/strong><\/td>\n<td width=\"208\"><strong>Docente a cargo<\/strong><\/td>\n<td width=\"105\"><strong>Hs. Sem.<\/strong><\/td>\n<\/tr>\n<tr>\n<td width=\"66\">\u00a0A76035<\/td>\n<td width=\"293\">Pedagog\u00eda<\/td>\n<td width=\"208\">Prof. Natalia L\u00f3pez<\/td>\n<td width=\"105\">4<\/td>\n<\/tr>\n<tr>\n<td width=\"66\">A76036<\/td>\n<td width=\"293\">Problem\u00e1ticas Socioantropol\u00f3gicas en Educaci\u00f3n<\/td>\n<td width=\"208\">Prof. Marisel Oz\u00e1n<\/td>\n<td width=\"105\">4<\/td>\n<\/tr>\n<tr>\n<td width=\"66\">\u00a0A78634<\/td>\n<td width=\"293\">Historia Contempor\u00e1nea<\/td>\n<td width=\"208\">Prof. Hugo Quinteros<\/td>\n<td width=\"105\">3<\/td>\n<\/tr>\n<tr>\n<td width=\"66\">\u00a0A76041<\/td>\n<td width=\"293\">Pr\u00e1ctica Docente I<\/td>\n<td width=\"208\">Lic. Iris Pacheco<\/td>\n<td width=\"105\">3<\/td>\n<\/tr>\n<tr>\n<td width=\"66\">\u00a0A78635<\/td>\n<td width=\"293\">Introducci\u00f3n a la Geograf\u00eda<\/td>\n<td width=\"208\">\u00a0Prof. F\u00e1tima Allo<\/td>\n<td width=\"105\">3<\/td>\n<\/tr>\n<tr>\n<td width=\"66\">\u00a0A78636<\/td>\n<td width=\"293\">\u00a0Geograf\u00eda F\u00edsica I<\/td>\n<td width=\"208\">\u00a0Prof. Mariana Maza<\/td>\n<td width=\"105\">4<\/td>\n<\/tr>\n<tr>\n<td width=\"66\">\u00a0A78637<\/td>\n<td width=\"293\">\u00a0Geograf\u00eda de la Sociedad y Poblaci\u00f3n<\/td>\n<td width=\"208\">Prof. Jimena Miranday<\/td>\n<td width=\"105\">4<\/td>\n<\/tr>\n<tr>\n<td width=\"66\">\u00a0A78638<\/td>\n<td width=\"293\">\u00a0Geograf\u00eda Urbana y Geograf\u00eda Rural<\/td>\n<td width=\"208\">\u00a0Prof. Diego Omar<\/td>\n<td width=\"105\">\u00a04<\/td>\n<\/tr>\n<tr>\n<td width=\"66\">\u00a0A78639<\/td>\n<td width=\"293\">Cartograf\u00eda<\/td>\n<td width=\"208\">Prof. Gustavo Alanis<\/td>\n<td width=\"105\">3<\/td>\n<\/tr>\n<tr>\n<td width=\"66\"><strong>C\u00f3digo<\/strong><\/td>\n<td width=\"293\"><strong>Segundo A\u00f1o<\/strong><\/td>\n<td width=\"208\"><strong>Docente a cargo<\/strong><\/td>\n<td width=\"105\"><strong>Hs. Sem.<\/strong><\/td>\n<\/tr>\n<tr>\n<td width=\"66\">\u00a0A76037<\/td>\n<td width=\"293\">\u00a0Psicolog\u00eda y Educaci\u00f3n<\/td>\n<td width=\"208\">\u00a0Prof. Celia Quinteros<\/td>\n<td width=\"105\">4<\/td>\n<\/tr>\n<tr>\n<td width=\"66\">\u00a0A76821<\/td>\n<td width=\"293\">\u00a0Did\u00e1ctica General<\/td>\n<td width=\"208\">\u00a0Prof. Mabel Gonzalez<\/td>\n<td width=\"105\">3<\/td>\n<\/tr>\n<tr>\n<td width=\"66\">\u00a0A76823<\/td>\n<td width=\"293\">\u00a0Pr\u00e1ctica Docente II<\/td>\n<td width=\"208\">\u00a0Prof. Natalia Lopez<\/td>\n<td width=\"105\">4<\/td>\n<\/tr>\n<tr>\n<td width=\"66\">\u00a0A79255<\/td>\n<td width=\"293\">\u00a0Geograf\u00eda F\u00edsica II<\/td>\n<td width=\"208\">\u00a0Prof. Mariana Maza<\/td>\n<td width=\"105\">4<\/td>\n<\/tr>\n<tr>\n<td width=\"66\">\u00a0A79256<\/td>\n<td width=\"293\">\u00a0Geograf\u00eda Econ\u00f3mica<\/td>\n<td width=\"208\">\u00a0Prof. Mariana Maza<\/td>\n<td width=\"105\">4<\/td>\n<\/tr>\n<tr>\n<td width=\"66\">\u00a0A79257<\/td>\n<td width=\"293\">\u00a0Geograf\u00eda de C\u00f3rdoba<\/td>\n<td width=\"208\">Prof. David Gomila<\/td>\n<td width=\"105\">3<\/td>\n<\/tr>\n<tr>\n<td width=\"66\">\u00a0A79258<\/td>\n<td width=\"293\">\u00a0Geograf\u00eda de Argentina<\/td>\n<td width=\"208\">Prof. Romina Ceballos<\/td>\n<td width=\"105\">4<\/td>\n<\/tr>\n<tr>\n<td width=\"66\">\u00a0A79259<\/td>\n<td width=\"293\">\u00a0Teledetecci\u00f3n y SIG<\/td>\n<td width=\"208\">\u00a0\u00a0Prof. David Gomila<\/td>\n<td width=\"105\">2<\/td>\n<\/tr>\n<tr>\n<td width=\"66\">\u00a0A79260<\/td>\n<td width=\"293\">\u00a0Did\u00e1ctica de la Geograf\u00eda I<\/td>\n<td width=\"208\">\u00a0Prof. Elizabeth Far\u00edas<\/td>\n<td width=\"105\">3<\/td>\n<\/tr>\n<tr>\n<td width=\"66\"><strong>C\u00f3digo<\/strong><\/td>\n<td width=\"293\">\u00a0<strong>Tercer A\u00f1o<\/strong><\/td>\n<td width=\"208\"><strong>Docente a cargo<\/strong><\/td>\n<td width=\"105\"><strong>Hs. Sem.<\/strong><\/td>\n<\/tr>\n<tr>\n<td width=\"66\">\u00a0A77248<\/td>\n<td width=\"293\">Historia y Pol\u00edtica de la Educaci\u00f3n Argentina<\/td>\n<td width=\"208\">Prof. Hugo Quinteros<\/td>\n<td width=\"105\">3<\/td>\n<\/tr>\n<tr>\n<td width=\"66\">\u00a0A76820<\/td>\n<td width=\"293\">Filosof\u00eda y Educaci\u00f3n<\/td>\n<td width=\"208\">Prof. Quinteros Celia<\/td>\n<td width=\"105\">\u00a03<\/td>\n<\/tr>\n<tr>\n<td width=\"66\">\u00a0A77257<\/td>\n<td width=\"293\">Pr\u00e1ctica Docente III: El aula: esp del aprend y del ense\u00f1ar<\/td>\n<td width=\"208\">Prof. Gustavo Alanis<\/td>\n<td width=\"105\">\u00a06<\/td>\n<\/tr>\n<tr>\n<td width=\"66\">\u00a0A80053<\/td>\n<td width=\"293\">Historia y Epistemolog\u00eda de la Geograf\u00eda<\/td>\n<td width=\"208\">Prof. y Lic. Silvia Valiente<\/td>\n<td width=\"105\">\u00a04<\/td>\n<\/tr>\n<tr>\n<td width=\"66\">\u00a0A80054<\/td>\n<td width=\"293\">Problem\u00e1ticas ambientales de Argentina<\/td>\n<td width=\"208\">Prof. Elizabeth Far\u00edas<\/td>\n<td width=\"105\">\u00a04<\/td>\n<\/tr>\n<tr>\n<td width=\"66\">\u00a0A80055<\/td>\n<td width=\"293\">Geograf\u00eda de Latinoam\u00e9rica<\/td>\n<td width=\"208\">\u00a0Prof. H\u00e9ctor Guillermo Baz\u00e1n<\/td>\n<td width=\"105\">\u00a04<\/td>\n<\/tr>\n<tr>\n<td width=\"66\">\u00a0A80056<\/td>\n<td width=\"293\">Geograf\u00eda Mundial I<\/td>\n<td width=\"208\">Prof. y Lic. Silvia Valiente<\/td>\n<td width=\"105\">\u00a03<\/td>\n<\/tr>\n<tr>\n<td width=\"66\">A80057<\/td>\n<td width=\"293\">Did\u00e1ctica de la Geograf\u00eda II<\/td>\n<td width=\"208\">\u00a0Prof. M. F\u00e1tima Allo<\/td>\n<td width=\"105\">3<\/td>\n<\/tr>\n<tr>\n<td width=\"66\">\u00a0A77320<\/td>\n<td width=\"293\">Sujetos de la Educaci\u00f3n<\/td>\n<td width=\"208\">Lic. Marta Rivadero<\/td>\n<td width=\"105\">\u00a04<\/td>\n<\/tr>\n<tr>\n<td width=\"66\"><\/td>\n<td width=\"293\"><\/td>\n<td width=\"208\"><\/td>\n<td width=\"105\"><\/td>\n<\/tr>\n<tr>\n<td width=\"66\">\u00a0<strong>C\u00f3digo<\/strong><\/td>\n<td width=\"293\"><strong>Cuarto A\u00f1o<\/strong><\/td>\n<td width=\"208\">\u00a0<strong>Docente a cargo<\/strong><\/td>\n<td width=\"105\"><strong>Hs. C\u00e1t.\/Sem.<\/strong><\/td>\n<\/tr>\n<tr>\n<td width=\"66\">\u00a0A77928<\/td>\n<td width=\"293\">\u00c9tica y construcci\u00f3n de ciudadan\u00eda<\/td>\n<td width=\"208\">Lic. Iris Pacheco<\/td>\n<td width=\"105\">3<\/td>\n<\/tr>\n<tr>\n<td width=\"66\">\u00a0A79200<\/td>\n<td width=\"293\">\u00a0Pr\u00e1ctica docente IV y Residencia<\/td>\n<td width=\"208\">\u00a0Prof. David Gomila<\/td>\n<td width=\"105\">10<\/td>\n<\/tr>\n<tr>\n<td width=\"66\">\u00a0A80058<\/td>\n<td width=\"293\">Metodolog\u00eda de la investigaci\u00f3n geogr\u00e1fica<\/td>\n<td width=\"208\">\u00a0Prof. Mabel Palomeque<\/td>\n<td width=\"105\">4<\/td>\n<\/tr>\n<tr>\n<td width=\"66\">\u00a0A80059<\/td>\n<td width=\"293\">Geograf\u00eda Cultural<\/td>\n<td width=\"208\">Prof. Mabel Palomeque<\/td>\n<td width=\"105\">3<\/td>\n<\/tr>\n<tr>\n<td width=\"66\">\u00a0A80060<\/td>\n<td width=\"293\">Pol\u00edtica y Gesti\u00f3n Territorial de Argentina<\/td>\n<td width=\"208\">Lic. Diego Omar<\/td>\n<td width=\"105\">3<\/td>\n<\/tr>\n<tr>\n<td width=\"66\">\u00a0A80061<\/td>\n<td width=\"293\">\u00a0Geograf\u00eda Mundial II<\/td>\n<td width=\"208\">\u00a0Prof. Elizabeth Far\u00edas<\/td>\n<td width=\"105\">3<\/td>\n<\/tr>\n<tr>\n<td width=\"66\">\u00a0A80062<\/td>\n<td width=\"293\">\u00a0Geograf\u00eda Pol\u00edtica y de los conflictos mundiales<\/td>\n<td width=\"208\">\u00a0Prof. Elizabeth Far\u00edas<\/td>\n<td width=\"105\">5<\/td>\n<\/tr>\n<tr>\n<td width=\"66\">\u00a0A81192<\/td>\n<td width=\"293\">Unidad de Definici\u00f3n Institucional<\/td>\n<td width=\"208\">\u00a0Prof. Elizabeth Far\u00edas<\/td>\n<td width=\"105\">3<\/td>\n<\/tr>\n<\/tbody>\n<\/table>\n","protected":false},"excerpt":{"rendered":"<p>C\u00f3digo de Plan de Estudios: 687198145 \u00a0C\u00f3digo Primer A\u00f1o Docente a cargo Hs. Sem. \u00a0A76035 Pedagog\u00eda Prof. Natalia L\u00f3pez 4 A76036 Problem\u00e1ticas Socioantropol\u00f3gicas en Educaci\u00f3n Prof. Marisel Oz\u00e1n 4 \u00a0A78634 Historia Contempor\u00e1nea Prof. Hugo Quinteros 3 \u00a0A76041 Pr\u00e1ctica Docente I Lic. Iris Pacheco 3 \u00a0A78635 Introducci\u00f3n a la Geograf\u00eda \u00a0Prof. F\u00e1tima Allo 3 \u00a0A78636 \u00a0Geograf\u00eda &#8230; <a title=\"Plan de estudios del Profesorado de Educ. Sec. en Geograf\u00eda\" class=\"read-more\" href=\"https:\/\/ensalberdi-cba.infd.edu.ar\/sitio\/plan-de-estudios-2\/\" aria-label=\"More on Plan de estudios del Profesorado de Educ. Sec. en Geograf\u00eda\">[+]<\/a><\/p>\n","protected":false},"author":183,"featured_media":0,"parent":0,"menu_order":0,"comment_status":"closed","ping_status":"closed","template":"","meta":[],"acf":[],"_links":{"self":[{"href":"https:\/\/ensalberdi-cba.infd.edu.ar\/sitio\/wp-json\/wp\/v2\/pages\/810"}],"collection":[{"href":"https:\/\/ensalberdi-cba.infd.edu.ar\/sitio\/wp-json\/wp\/v2\/pages"}],"about":[{"href":"https:\/\/ensalberdi-cba.infd.edu.ar\/sitio\/wp-json\/wp\/v2\/types\/page"}],"author":[{"embeddable":true,"href":"https:\/\/ensalberdi-cba.infd.edu.ar\/sitio\/wp-json\/wp\/v2\/users\/183"}],"replies":[{"embeddable":true,"href":"https:\/\/ensalberdi-cba.infd.edu.ar\/sitio\/wp-json\/wp\/v2\/comments?post=810"}],"version-history":[{"count":7,"href":"https:\/\/ensalberdi-cba.infd.edu.ar\/sitio\/wp-json\/wp\/v2\/pages\/810\/revisions"}],"predecessor-version":[{"id":1289,"href":"https:\/\/ensalberdi-cba.infd.edu.ar\/sitio\/wp-json\/wp\/v2\/pages\/810\/revisions\/1289"}],"wp:attachment":[{"href":"https:\/\/ensalberdi-cba.infd.edu.ar\/sitio\/wp-json\/wp\/v2\/media?parent=810"}],"curies":[{"name":"wp","href":"https:\/\/api.w.org\/{rel}","templated":true}]}}