{"id":787,"date":"2018-08-30T12:08:13","date_gmt":"2018-08-30T15:08:13","guid":{"rendered":"https:\/\/ensalberdi-cba.infd.edu.ar\/sitio\/convocatorias-para-docentes\/"},"modified":"2024-03-21T15:13:48","modified_gmt":"2024-03-21T18:13:48","slug":"convocatorias-para-docentes","status":"publish","type":"page","link":"https:\/\/ensalberdi-cba.infd.edu.ar\/sitio\/convocatorias-para-docentes\/","title":{"rendered":"Convocatoria a docentes de Nivel Superior para desempe\u00f1arse como Tutor en el Trayecto Pedag\u00f3gico para Graduados no docentes en modalidad combinada."},"content":{"rendered":"<p><b>Convocatoria abierta:<\/b><span style=\"font-weight: 400;\"> 21 de marzo al 27 de marzo<\/span><\/p>\n<p><b>Instituto para el que postula: Escuela Normal Superior Juan B. Alberdi<\/b><\/p>\n<p><span style=\"color: #ff0000;\"><strong>Se convoca a docentes con perfil para el Campo de la Formaci\u00f3n General Pedag\u00f3gica y para el Campo de la Pr\u00e1ctica Docente (Cohorte 2024- A t\u00e9rmino)<\/strong><\/span><\/p>\n<p><b>Requisitos:<\/b><span style=\"font-weight: 400;\">\u00a0<\/span><\/p>\n<ul>\n<li style=\"font-weight: 400;\" aria-level=\"1\"><span style=\"font-weight: 400;\">Es excluyente que el\/la postulante sea docente de nivel superior y que tenga experiencia en el nivel de destino (secundario).<\/span><\/li>\n<li style=\"font-weight: 400;\" aria-level=\"1\"><span style=\"font-weight: 400;\">Se valorar\u00e1 que el t\u00edtulo de base y la formaci\u00f3n del\/de la postulante sea af\u00edn a cada m\u00f3dulo y contenido.<\/span><\/li>\n<li style=\"font-weight: 400;\" aria-level=\"1\"><span style=\"font-weight: 400;\">Se ponderar\u00e1 como criterio prioritario que el\/la postulante sea un docente de la instituci\u00f3n para la cual postula o resida en esa localidad.<\/span><\/li>\n<li style=\"font-weight: 400;\" aria-level=\"1\"><span style=\"font-weight: 400;\">Los\/as candidatos\/as deber\u00e1n tener disponibilidad para asumir una tarea equivalente a 12 horas c\u00e1tedras. Considerar el r\u00e9gimen de incompatibilidad. Se podr\u00e1n sumar hasta 36 hs. Podr\u00e1n licenciar hs de nivel secundario por mayor desarrollo profesional.<\/span><\/li>\n<li style=\"font-weight: 400;\" aria-level=\"1\"><span style=\"font-weight: 400;\">Es deseable que el\/la candidato\/a cuente con formaciones espec\u00edficas para el trabajo en entornos virtuales (no excluyente).<\/span><\/li>\n<li style=\"font-weight: 400;\" aria-level=\"1\"><span style=\"font-weight: 400;\">Disponibilidad horaria para el cursado presencial los d\u00edas s\u00e1bados (fechas a confirmar).<\/span><\/li>\n<li style=\"font-weight: 400;\" aria-level=\"1\"><span style=\"font-weight: 400;\">Manejo de la plataforma Educativa.<\/span><\/li>\n<\/ul>\n<p><span style=\"font-weight: 400;\">Los interesados deber\u00e1n completar la inscripci\u00f3n en el siguiente <\/span><a href=\"https:\/\/docs.google.com\/forms\/d\/e\/1FAIpQLSfdqxDObwtaN0M7zMJHFAKOHjI43k_ZoHFX95y1OTC7V0JpIg\/viewform\"><span style=\"font-weight: 400;\">formulario<\/span><\/a><span style=\"font-weight: 400;\">.\u00a0<\/span><\/p>\n<p><span style=\"font-weight: 400;\"><strong>\u00a1Atenci\u00f3n!<\/strong>\u00a0 Al final del formulario se deber\u00e1 adjuntar el Curriculum Vitae para lo cual deber\u00e1n utilizar el siguiente <\/span><a href=\"https:\/\/docs.google.com\/document\/d\/1B6v0GrBrgjsY0BP31Ex6hUWYV4YnDpcA\/edit\"><span style=\"font-weight: 400;\">formato\u00a0<\/span><\/a><\/p>\n<p><strong>Consultas<\/strong>: alberdisuperior@gmail.com<\/p>\n","protected":false},"excerpt":{"rendered":"<p>Convocatoria abierta: 21 de marzo al 27 de marzo Instituto para el que postula: Escuela Normal Superior Juan B. Alberdi Se convoca a docentes con perfil para el Campo de la Formaci\u00f3n General Pedag\u00f3gica y para el Campo de la Pr\u00e1ctica Docente (Cohorte 2024- A t\u00e9rmino) Requisitos:\u00a0 Es excluyente que el\/la postulante sea docente de &#8230; <a title=\"Convocatoria a docentes de Nivel Superior para desempe\u00f1arse como Tutor en el Trayecto Pedag\u00f3gico para Graduados no docentes en modalidad combinada.\" class=\"read-more\" href=\"https:\/\/ensalberdi-cba.infd.edu.ar\/sitio\/convocatorias-para-docentes\/\" aria-label=\"More on Convocatoria a docentes de Nivel Superior para desempe\u00f1arse como Tutor en el Trayecto Pedag\u00f3gico para Graduados no docentes en modalidad combinada.\">[+]<\/a><\/p>\n","protected":false},"author":183,"featured_media":0,"parent":0,"menu_order":0,"comment_status":"closed","ping_status":"closed","template":"","meta":[],"acf":[],"_links":{"self":[{"href":"https:\/\/ensalberdi-cba.infd.edu.ar\/sitio\/wp-json\/wp\/v2\/pages\/787"}],"collection":[{"href":"https:\/\/ensalberdi-cba.infd.edu.ar\/sitio\/wp-json\/wp\/v2\/pages"}],"about":[{"href":"https:\/\/ensalberdi-cba.infd.edu.ar\/sitio\/wp-json\/wp\/v2\/types\/page"}],"author":[{"embeddable":true,"href":"https:\/\/ensalberdi-cba.infd.edu.ar\/sitio\/wp-json\/wp\/v2\/users\/183"}],"replies":[{"embeddable":true,"href":"https:\/\/ensalberdi-cba.infd.edu.ar\/sitio\/wp-json\/wp\/v2\/comments?post=787"}],"version-history":[{"count":7,"href":"https:\/\/ensalberdi-cba.infd.edu.ar\/sitio\/wp-json\/wp\/v2\/pages\/787\/revisions"}],"predecessor-version":[{"id":1375,"href":"https:\/\/ensalberdi-cba.infd.edu.ar\/sitio\/wp-json\/wp\/v2\/pages\/787\/revisions\/1375"}],"wp:attachment":[{"href":"https:\/\/ensalberdi-cba.infd.edu.ar\/sitio\/wp-json\/wp\/v2\/media?parent=787"}],"curies":[{"name":"wp","href":"https:\/\/api.w.org\/{rel}","templated":true}]}}