{"id":1388,"date":"2024-03-29T18:14:04","date_gmt":"2024-03-29T21:14:04","guid":{"rendered":"https:\/\/ensalberdi-cba.infd.edu.ar\/sitio\/?page_id=1388"},"modified":"2024-04-05T22:10:36","modified_gmt":"2024-04-06T01:10:36","slug":"inscripcion-para-el-trayecto-pedagogico","status":"publish","type":"page","link":"https:\/\/ensalberdi-cba.infd.edu.ar\/sitio\/inscripcion-para-el-trayecto-pedagogico\/","title":{"rendered":"Inscripci\u00f3n para el Trayecto Pedag\u00f3gico: Cerrado"},"content":{"rendered":"\n<p class=\"has-text-align-center\"><strong>Cupo completo<\/strong><\/p>\n\n\n\n<p>La Escuela Normal Superior Juan Bautista Alberdi comunica que ya est\u00e1 cerrada la Inscripci\u00f3n del Trayecto Pedag\u00f3gico para Graduados no Docentes, ya que se ha completado el cupo tanto de los inscriptos en Gesti\u00f3n Estudiantes como de la Lista de Espera provisoria.<\/p>\n\n\n\n<p class=\"has-text-align-center\"><strong>ATENCI\u00d3N<\/strong><\/p>\n\n\n\n<p> Para aquellos postulantes que se inscribieron con su CIDI, en Gesti\u00f3n Estudiantes, deben presentar la siguiente documentaci\u00f3n  para <strong>CONFIRMAR LA POSTULACI\u00d3N EN MODO PRESENCIAL<\/strong><\/p>\n\n\n\n<p>Una carpeta para legajo con:<\/p>\n\n\n\n<p>-DNI (Original y Copia)<\/p>\n\n\n\n<p>-T\u00edtulo Profesional o T\u00e9cnico\/a Superior emitido por instituciones de Educaci\u00f3n Superior con reconocimiento oficial. (Original y Copia)<\/p>\n\n\n\n<p>-Certificado de no estar inscripto en el Padr\u00f3n Provincial de delitos contra la integridad sexual<\/p>\n\n\n\n<p>-Abonar un bono de contribuci\u00f3n a la Asociaci\u00f3n Cooperadora<\/p>\n\n\n\n<p><\/p>\n","protected":false},"excerpt":{"rendered":"<p>Cupo completo La Escuela Normal Superior Juan Bautista Alberdi comunica que ya est\u00e1 cerrada la Inscripci\u00f3n del Trayecto Pedag\u00f3gico para Graduados no Docentes, ya que se ha completado el cupo tanto de los inscriptos en Gesti\u00f3n Estudiantes como de la Lista de Espera provisoria. ATENCI\u00d3N Para aquellos postulantes que se inscribieron con su CIDI, en &#8230; <a title=\"Inscripci\u00f3n para el Trayecto Pedag\u00f3gico: Cerrado\" class=\"read-more\" href=\"https:\/\/ensalberdi-cba.infd.edu.ar\/sitio\/inscripcion-para-el-trayecto-pedagogico\/\" aria-label=\"More on Inscripci\u00f3n para el Trayecto Pedag\u00f3gico: Cerrado\">[+]<\/a><\/p>\n","protected":false},"author":609,"featured_media":0,"parent":0,"menu_order":0,"comment_status":"closed","ping_status":"closed","template":"","meta":[],"acf":[],"_links":{"self":[{"href":"https:\/\/ensalberdi-cba.infd.edu.ar\/sitio\/wp-json\/wp\/v2\/pages\/1388"}],"collection":[{"href":"https:\/\/ensalberdi-cba.infd.edu.ar\/sitio\/wp-json\/wp\/v2\/pages"}],"about":[{"href":"https:\/\/ensalberdi-cba.infd.edu.ar\/sitio\/wp-json\/wp\/v2\/types\/page"}],"author":[{"embeddable":true,"href":"https:\/\/ensalberdi-cba.infd.edu.ar\/sitio\/wp-json\/wp\/v2\/users\/609"}],"replies":[{"embeddable":true,"href":"https:\/\/ensalberdi-cba.infd.edu.ar\/sitio\/wp-json\/wp\/v2\/comments?post=1388"}],"version-history":[{"count":7,"href":"https:\/\/ensalberdi-cba.infd.edu.ar\/sitio\/wp-json\/wp\/v2\/pages\/1388\/revisions"}],"predecessor-version":[{"id":1401,"href":"https:\/\/ensalberdi-cba.infd.edu.ar\/sitio\/wp-json\/wp\/v2\/pages\/1388\/revisions\/1401"}],"wp:attachment":[{"href":"https:\/\/ensalberdi-cba.infd.edu.ar\/sitio\/wp-json\/wp\/v2\/media?parent=1388"}],"curies":[{"name":"wp","href":"https:\/\/api.w.org\/{rel}","templated":true}]}}